{"id":27859,"date":"2021-01-04T08:46:38","date_gmt":"2021-01-04T06:46:38","guid":{"rendered":"https:\/\/www.dentalpremier.ro\/cv-anca-rusu\/"},"modified":"2025-09-16T11:41:39","modified_gmt":"2025-09-16T08:41:39","slug":"dr-anca-rusu","status":"publish","type":"page","link":"https:\/\/www.dentalpremier.ro\/en\/dr-anca-rusu\/","title":{"rendered":"Dr. Anca Rusu"},"content":{"rendered":"<div class=\"wpb-content-wrapper\"><p>[vc_row full_width=&#8221;stretch_row&#8221; css=&#8221;.vc_custom_1611299923295{padding-top: 20px !important;padding-bottom: 20px !important;background-color: #f8f8f8 !important;background-position: center !important;background-repeat: no-repeat !important;background-size: cover !important;}&#8221;][vc_column][vc_single_image image=&#8221;22606&#8243; img_size=&#8221;full&#8221; alignment=&#8221;center&#8221; css_animation=&#8221;appear&#8221; css=&#8221;.vc_custom_1669191487459{margin-bottom: 0px !important;border-bottom-width: 0px !important;padding-bottom: 0px !important;}&#8221;][vc_column_text]<\/p>\n<h1 style=\"color: #02bbfe;text-align: center\">Dr. Anca Rusu<\/h1>\n<h5 style=\"text-align: center\">Specialist Dentist<br \/>\nDento-Alveolar Surgery &amp; Implantology<\/h5>\n<p>[\/vc_column_text][\/vc_column][\/vc_row][vc_row][vc_column width=&#8221;1\/2&#8243; offset=&#8221;vc_col-xs-12&#8243;][vc_single_image image=&#8221;2265&#8243; img_size=&#8221;full&#8221; alignment=&#8221;center&#8221; style=&#8221;vc_box_rounded&#8221;][vc_single_image image=&#8221;2257&#8243; img_size=&#8221;full&#8221; alignment=&#8221;center&#8221; style=&#8221;vc_box_rounded&#8221;][\/vc_column][vc_column width=&#8221;1\/2&#8243; offset=&#8221;vc_col-xs-12&#8243;][vc_column_text css_animation=&#8221;none&#8221;]<\/p>\n<h3>Dr. Anca Rusu &#8211; Training courses \/ Activity<\/h3>\n<p>[\/vc_column_text][vc_column_text css_animation=&#8221;none&#8221; css=&#8221;&#8221;]<\/p>\n<h4>Specialization<\/h4>\n<p>Dentist, Dento-Alveolar Surgery Specialist &amp; Implantology<\/p>\n<h4>Studies<\/h4>\n<ul>\n<li>Faculty of Dental Medicine (2nd place for admission)<\/li>\n<li>Dento-Alveolar Surgery Residency (3rd place at the national competition for Specialization in Surgery)<\/li>\n<li>Master in Dental Implantology<\/li>\n<li>Master in Periodontology<\/li>\n<li>Bredent Medical Officer<\/li>\n<li>Member of EAO (European Osseointegration Association)<\/li>\n<li>Member of the Society of Aesthetic Dentistry from Romania<\/li>\n<li><strong>International certifications for over 17 years! <\/strong><\/li>\n<\/ul>\n<h4>Experience<\/h4>\n<p>Over 17 years of professional experience in complex, functional, durable and aesthetic dental restorations.[\/vc_column_text][vc_row_inner][vc_column_inner width=&#8221;1\/2&#8243;][vc_column_text]<\/p>\n<ul>\n<li><a href=\"https:\/\/www.dentalpremier.ro\/en\/dental-implants\/\">Dental implantology<\/a><\/li>\n<li>Dental surgery<\/li>\n<li>All-on-X implants systems, Subperiosteal implant<\/li>\n<\/ul>\n<p>[\/vc_column_text][\/vc_column_inner][vc_column_inner width=&#8221;1\/2&#8243;][vc_column_text]<\/p>\n<ul>\n<li>Reconstructions and bone additions<\/li>\n<li>Internal and external sinus lift<\/li>\n<li>Muco-gingival surgery<\/li>\n<\/ul>\n<p>[\/vc_column_text][\/vc_column_inner][\/vc_row_inner][\/vc_column][\/vc_row][vc_row][vc_column width=&#8221;1\/2&#8243;][vc_column_text]<\/p>\n<h4>Training and professional development<\/h4>\n<p>Continuous participation in specialized courses and congresses in Romania and abroad (USA, Germany, England, France, Austria, Italy, Greece, Hungary, Egypt) in oral surgery, implantology, bone and gum additions, sinus lifting and regeneration therapies in periodontal disease, through microsurgery techniques and non-invasive ultrasonic surgery.<\/p>\n<ul>\n<li>ITALY &#8211; ADVANCED DIGITAL IMPLANTOLOGY<\/li>\n<li>LOS ANGELES, California &#8211; International BioHorizons Symposium<\/li>\n<li>PARIS &#8211; EAO Master Clinician Course &#8211; Current concepts in bone addition and gum management &#8211; Prof. Fouad Khoury<\/li>\n<li>MONACO &#8211; International Symposium of Osteology &#8211; Regeneration of ORAL tissues<\/li>\n<li>MADRID &#8211; Nobel Biocare International Symposium<\/li>\n<li>GERMANY &#8211; Bone reconstruction techniques &#8211; Dr. Frank Zastrow<\/li>\n<li>AMSTERDAM &#8211; EAO Congress of the European Osseointegration Association<\/li>\n<li>ROME &#8211; EAO Congress of the European Osseointegration Association<\/li>\n<li>MONTE CARLO &#8211; Annual International Symposium of Osteology<\/li>\n<li>KOLN, Germany &#8211; International Dental Exhibition<\/li>\n<li>ZELL AM SEE &#8211; Austria, STATE OF THE ART Symposium \u2013 DENTAL TRAUMA &amp; IMPLANTOLOGY<\/li>\n<li>MUNCHEN, Germany \u2013 BREDENT EUROPEAN CONGRESS \u2013 SKY MEETING<\/li>\n<li>ROME \u2013 International Sky \u2013 Meeting \u2013 IMMEDIATE PROSTHESIS &amp; IMMEDIATE LOADING, OPTIMAL BONE MANAGEMENT, AESTHETIC REQUIREMENTS WITH ZIRCONIUM IMPLANTS AND PROSTHETICS ON IMPLANTS<\/li>\n<li>CANNES, France \u2013 International Osteology Symposium CLINICAL SUCCESSES, RISK FACTORS AND COMPLICATIONS IN REGENERATE THERAPY<\/li>\n<li>CANNES, France \u2013 Osteology Workshop \u2013 NEW PERSPECTIVES IN SOFT TISSUE AUGMENTATION \u2013 Prof. Juan Blanco, Dr. Fabio Vignoletti<\/li>\n<li>CANNES, France \u2013 osteology workshop SOFT TISSUE MANAGEMENT IN RECONSTRUCTIVE SURGERY, Dr. Giovanni ZUCCHELLI, Prof. Massimo De Sanctis<\/li>\n<li>Egypt, Sharm El-Sheikh, Course and workshop &#8211; SOFT TISSUE AND HARD TISSUE MANAGEMENT IN IMPLANTOLOGY &#8211; Dr. Maurice Salama, United States of America<\/li>\n<li>Nurnberg \u2013 course and OP live \u2013 FUTURE TRENDS IN AUGMENTATION TECHNIQUES \u2013 Dr. Ziv Mazor \u2013 Israel, Dr. Roland Torok \u2013 Germany<\/li>\n<li>Zell am See, Austria, workshop ADVANCED SOFT TISSUE REGENERATION TECHNIQUES IN THE AESTHETIC AREA, Dr. Otto Zuhr, Germany, Dr. Cristopf Pertl-Austria<\/li>\n<li>ZELL AM SEE &#8211; Austria, SINUS LIFTING workshop. MANAGEMENT OF COMPLICATIONS, Dr. Markus Huerzeller-Germany<\/li>\n<li>ZELL AM SEE &#8211; Austria, Workshop CLINICAL APPLICATIONS OF MUCOGRAFT IN MUCOGINGIVAL SURGERY<\/li>\n<li>VIENNA, Austria &#8211; Certificate of participation in EUROPERIO 7 \u2013 THE 7TH CONFERENCE OF THE EUROPEAN FEDERATION OF PERIODONTOLOGY<\/li>\n<li>SZEGED, Hungary &#8211; Certificate of participation in the PERSPECTIVES IN PERIODONTOLOGY conference<\/li>\n<li>BUDAPEST \u2013 ADVANCED RECONSTRUCTIVE TECHNIQUES IN IMPLANT THERAPY, Dr. Istvan Urban, Loma Linda University, USA<\/li>\n<li>POLAND \u2013 ORAL SURGERY ACADEMY &#8211; Dr. Radoslaw Jadach<\/li>\n<li>Genoa \u2013 live \u2013 OP, Dr. Roberto Rossi<\/li>\n<li>London &#8211; Certificate of Competence &#8211; Botulinum Toxin and Facial Fillers<\/li>\n<li>Bucharest &#8211; Practical specialization course in Dental Laser<\/li>\n<li>Bucharest &#8211; Theoretical and practical courses TECHNIQUES AND METHODS IN IMPLANTOLOGY &#8211; Sinus lifting<\/li>\n<li>Bucharest &#8211; IMPLANT SIMULATOR &#8211; DDR Radu Fagaras<\/li>\n<li>Bucharest \u2013 Allergan Facial Academy, FACIAL SCULPTURE WITH VISTABEL AND JUVEDERM ULTRA \u2013 Prof. Dr. Robert Oellinger<\/li>\n<li>Bucharest &#8211; Course &#8211; BONE RECONSTRUCTION &#8211; AESTHETICS &#8211; Prof Dr Paul Mattout<\/li>\n<li>Bucharest &#8211; Course &#8211; INNOVATIONS IN IMPLANT TREATMENT &#8211; Prof Dr Paul Mattout<\/li>\n<li>Bucharest &#8211; International Congress of Oral Rehabilitation, SUCCESS VERSUS FAILURE IN ORAL IMPLANTOLOGY AND DENTAL PRACTICE<\/li>\n<li>Bucharest \u2013 Course and workshop BASIC PRINCIPLES IN GINGIVO-BONED SURGERY \u2013 Prof. Andre Saadoun<\/li>\n<li>Pitesti &#8211; course and workshop &#8211; MODERN METHODS IN THE MANAGEMENT OF SOFT AND HARD TISSUES IN IMPLANTOLOGY, Dr. Roland Torok, Germany<\/li>\n<li>Bucharest &#8211; workshop, INHALATION-SEDATION IN MODERN DENTISTRY<\/li>\n<li>Iasi, OMF International Surgery Course, Certificate of participation \u2013 PRE-PROSTHETIC SURGERY. IMPLANTOLOGY<\/li>\n<li>Timisoara, Course and Workshop &#8211; NEW CONCEPTS IN SURGICAL, REGENERATIVE PERIODONTAL THERAPY AND PLASTIC AESTHETICS. THE CONCEPT OF HEALTH IN PROPHYLAXIS \u2013 Prof. Dr. Dr. Anton Sculean, Prof. Dr. med Dent Stefan ZIMMER<\/li>\n<li>Brasov &#8211; ImplantoDays Congress<\/li>\n<li>Budapest &#8211; International Urban Symposium<\/li>\n<li>Budapest &#8211; workshop, Soft tissue management around implants, Prof. Zucchelli<\/li>\n<li>Budapest &#8211; workshop, Single immediate implant placement and provisionalization with Connective Tissue Graft, Dr. Joseph Kan<\/li>\n<\/ul>\n<p>[\/vc_column_text][\/vc_column][vc_column width=&#8221;1\/2&#8243;][vc_column_text]<\/p>\n<h3>CSID &#8211; CE SE \u00ceNT\u00c2MPL\u0102, DOCTORE? &#8211; Dr. Anca Rusu &#8211; Despre implantul dentar ghidat digital<\/h3>\n<div style=\"position: relative;padding-bottom: 56.25%;height: 0;overflow: hidden;max-width: 100%\"><\/div>\n<p>[\/vc_column_text][vc_column_text]<\/p>\n<h3>CSID &#8211; CE SE \u00ceNT\u00c2MPL\u0102, DOCTORE? &#8211; Dr. Anca Rusu &#8211; Despre implantul subperiostal &#8211; Solutia unei danturi fixe pentru pacientii cu atrofie osoasa severa<\/h3>\n<div style=\"position: relative;padding-bottom: 56.25%;height: 0;overflow: hidden;max-width: 100%\"><\/div>\n<p>[\/vc_column_text][vc_column_text]<\/p>\n<h3>CSID &#8211; CE SE \u00ceNT\u00c2MPL\u0102, DOCTORE? &#8211; Dr. Anca Rusu &#8211; Ce presupune implantul dentar \u015fi care sunt cele mai bune metode pentru pacient?<\/h3>\n<div style=\"position: relative;padding-bottom: 56.25%;height: 0;overflow: hidden;max-width: 100%\"><\/div>\n<p>[\/vc_column_text][vc_column_text]<\/p>\n<h3>CSID &#8211; CE SE \u00ceNT\u00c2MPL\u0102, DOCTORE? &#8211; Dr. Anca Rusu &#8211; Care este cea mai bun\u0103 op\u021biune pentru persoanele care \u00ee\u0219i pierd din\u021bii?<\/h3>\n<div style=\"position: relative;padding-bottom: 56.25%;height: 0;overflow: hidden;max-width: 100%\"><\/div>\n<p>[\/vc_column_text][vc_column_text]<\/p>\n<h3>CSID &#8211; CE SE \u00ceNT\u00c2MPL\u0102, DOCTORE? &#8211; Dr. Anca Rusu &#8211; Scanare intra-oral\u0103 3D &#8211; Cum se extrage complet informa\u021bia din cavitatea oral\u0103<\/h3>\n<div style=\"position: relative;padding-bottom: 56.25%;height: 0;overflow: hidden;max-width: 100%\"><\/div>\n<p>[\/vc_column_text][vc_column_text]<\/p>\n<h3>CSID &#8211; CE SE \u00ceNT\u00c2MPL\u0102, DOCTORE? &#8211; Dr. Anca Rusu &amp; Dr. Mihai Cirstea &#8211; Despre parodontoz\u0103 &#8211; Care sunt primele semne ale problemelor gingivale<\/h3>\n<div style=\"position: relative;padding-bottom: 56.25%;height: 0;overflow: hidden;max-width: 100%\"><\/div>\n<p>[\/vc_column_text][\/vc_column][\/vc_row][vc_row][vc_column width=&#8221;1\/2&#8243;][vc_video link=&#8221;https:\/\/www.youtube.com\/watch?v=mGt1mltF02g&#8221; title=&#8221;Dr. Anca Rusu &#8211; Reabilitare orala totala cu implanturi dentare si lucrare fixa in 24 ore!&#8221;][\/vc_column][vc_column width=&#8221;1\/2&#8243;][vc_video link=&#8221;https:\/\/www.youtube.com\/watch?v=DMqSjMZHVXw&#8221; title=&#8221;Dr. Anca Rusu &#8211; SKY Fast and Fixed Bredent &#8211; Dinti Ficsi in 24 de ore!&#8221;][\/vc_column][\/vc_row][vc_row][vc_column][vc_btn title=&#8221;See the whole team&#8221; style=&#8221;classic&#8221; size=&#8221;xs&#8221; align=&#8221;center&#8221; link=&#8221;url:https%3A%2F%2Fwww.dentalpremier.ro%2Fen%2Fabout-us%2F%23team|title:Echipa|target:_blank&#8221;][vc_raw_html]JTNDJTIxLS1ub3lhcnBwLS0lM0U=[\/vc_raw_html][\/vc_column][\/vc_row]<\/p>\n<\/div>","protected":false},"excerpt":{"rendered":"<p>[vc_row full_width=&#8221;stretch_row&#8221; css=&#8221;.vc_custom_1611299923295{padding-top: 20px !important;padding-bottom: 20px !important;background-color: #f8f8f8 !important;background-position: center !important;background-repeat: no-repeat !important;background-size: cover !important;}&#8221;][vc_column][vc_single_image image=&#8221;22606&#8243; img_size=&#8221;full&#8221; alignment=&#8221;center&#8221; css_animation=&#8221;appear&#8221; css=&#8221;.vc_custom_1669191487459{margin-bottom: 0px !important;border-bottom-width: 0px !important;padding-bottom: 0px !important;}&#8221;][vc_column_text] Dr. Anca Rusu Specialist Dentist Dento-Alveolar Surgery &amp; Implantology [\/vc_column_text][\/vc_column][\/vc_row][vc_row][vc_column width=&#8221;1\/2&#8243; offset=&#8221;vc_col-xs-12&#8243;][vc_single_image image=&#8221;2265&#8243; img_size=&#8221;full&#8221; alignment=&#8221;center&#8221; style=&#8221;vc_box_rounded&#8221;][vc_single_image image=&#8221;2257&#8243; img_size=&#8221;full&#8221; alignment=&#8221;center&#8221; style=&#8221;vc_box_rounded&#8221;][\/vc_column][vc_column width=&#8221;1\/2&#8243; offset=&#8221;vc_col-xs-12&#8243;][vc_column_text css_animation=&#8221;none&#8221;] Dr. Anca Rusu &#8211; Training courses [&hellip;]<\/p>\n","protected":false},"author":1,"featured_media":0,"parent":0,"menu_order":0,"comment_status":"closed","ping_status":"closed","template":"","meta":{"_lmt_disableupdate":"","_lmt_disable":"","footnotes":""},"class_list":["post-27859","page","type-page","status-publish","hentry"],"yoast_head":"<!-- This site is optimized with the Yoast SEO Premium plugin v27.4 (Yoast SEO v27.4) - https:\/\/yoast.com\/product\/yoast-seo-premium-wordpress\/ -->\n<title>Dr. Anca Rusu - Specialist Dentist in Dental Surgery &amp; Implantology<\/title>\n<meta name=\"robots\" content=\"index, follow, max-snippet:-1, max-image-preview:large, max-video-preview:-1\" \/>\n<link rel=\"canonical\" href=\"https:\/\/www.dentalpremier.ro\/en\/dr-anca-rusu\/\" \/>\n<meta property=\"og:locale\" content=\"en_US\" \/>\n<meta property=\"og:type\" content=\"article\" \/>\n<meta property=\"og:title\" content=\"Dr. Anca Rusu\" \/>\n<meta property=\"og:description\" content=\"[vc_row full_width=&#8221;stretch_row&#8221; css=&#8221;.vc_custom_1611299923295{padding-top: 20px !important;padding-bottom: 20px !important;background-color: #f8f8f8 !important;background-position: center !important;background-repeat: no-repeat !important;background-size: cover !important;}&#8221;][vc_column][vc_single_image image=&#8221;22606&#8243; img_size=&#8221;full&#8221; alignment=&#8221;center&#8221; css_animation=&#8221;appear&#8221; css=&#8221;.vc_custom_1669191487459{margin-bottom: 0px !important;border-bottom-width: 0px !important;padding-bottom: 0px !important;}&#8221;][vc_column_text] Dr. Anca Rusu Specialist Dentist Dento-Alveolar Surgery &amp; Implantology [\/vc_column_text][\/vc_column][\/vc_row][vc_row][vc_column width=&#8221;1\/2&#8243; offset=&#8221;vc_col-xs-12&#8243;][vc_single_image image=&#8221;2265&#8243; img_size=&#8221;full&#8221; alignment=&#8221;center&#8221; style=&#8221;vc_box_rounded&#8221;][vc_single_image image=&#8221;2257&#8243; img_size=&#8221;full&#8221; alignment=&#8221;center&#8221; style=&#8221;vc_box_rounded&#8221;][\/vc_column][vc_column width=&#8221;1\/2&#8243; offset=&#8221;vc_col-xs-12&#8243;][vc_column_text css_animation=&#8221;none&#8221;] Dr. Anca Rusu &#8211; Training courses [&hellip;]\" \/>\n<meta property=\"og:url\" content=\"https:\/\/www.dentalpremier.ro\/en\/dr-anca-rusu\/\" \/>\n<meta property=\"og:site_name\" content=\"Dental Premier - Best Dental Clinic Bucharest | 9 dental offices\" \/>\n<meta property=\"article:publisher\" content=\"https:\/\/www.facebook.com\/dentalpremier.ro\" \/>\n<meta property=\"article:modified_time\" content=\"2025-09-16T08:41:39+00:00\" \/>\n<meta property=\"og:image\" content=\"https:\/\/www.dentalpremier.ro\/wp-content\/uploads\/2025\/12\/echipa-dental-premier-dentisti-stomatologi-buni-bucuresti-scaled.jpg\" \/>\n\t<meta property=\"og:image:width\" content=\"3072\" \/>\n\t<meta property=\"og:image:height\" content=\"1370\" \/>\n\t<meta property=\"og:image:type\" content=\"image\/jpeg\" \/>\n<meta name=\"twitter:card\" content=\"summary_large_image\" \/>\n<meta name=\"twitter:site\" content=\"@dentalpremierro\" \/>\n<script type=\"application\/ld+json\" class=\"yoast-schema-graph\">{\"@context\":\"https:\\\/\\\/schema.org\",\"@graph\":[{\"@type\":\"WebPage\",\"@id\":\"https:\\\/\\\/www.dentalpremier.ro\\\/en\\\/dr-anca-rusu\\\/\",\"url\":\"https:\\\/\\\/www.dentalpremier.ro\\\/en\\\/dr-anca-rusu\\\/\",\"name\":\"Dr. Anca Rusu - Specialist Dentist in Dental Surgery & Implantology\",\"isPartOf\":{\"@id\":\"https:\\\/\\\/www.dentalpremier.ro\\\/en\\\/#website\"},\"datePublished\":\"2021-01-04T06:46:38+00:00\",\"dateModified\":\"2025-09-16T08:41:39+00:00\",\"breadcrumb\":{\"@id\":\"https:\\\/\\\/www.dentalpremier.ro\\\/en\\\/dr-anca-rusu\\\/#breadcrumb\"},\"inLanguage\":\"en-US\",\"potentialAction\":[{\"@type\":\"ReadAction\",\"target\":[\"https:\\\/\\\/www.dentalpremier.ro\\\/en\\\/dr-anca-rusu\\\/\"]}]},{\"@type\":\"BreadcrumbList\",\"@id\":\"https:\\\/\\\/www.dentalpremier.ro\\\/en\\\/dr-anca-rusu\\\/#breadcrumb\",\"itemListElement\":[{\"@type\":\"ListItem\",\"position\":1,\"name\":\"Acas\u0103\",\"item\":\"https:\\\/\\\/www.dentalpremier.ro\\\/en\\\/\"},{\"@type\":\"ListItem\",\"position\":2,\"name\":\"Dr. Anca Rusu\"}]},{\"@type\":\"WebSite\",\"@id\":\"https:\\\/\\\/www.dentalpremier.ro\\\/en\\\/#website\",\"url\":\"https:\\\/\\\/www.dentalpremier.ro\\\/en\\\/\",\"name\":\"Dental Premier - Clinica stomatologica Bucuresti | 9 cabinete stomatologice\",\"description\":\"Dental Premier - Best Dental Clinic Bucharest | 9 dental offices\",\"publisher\":{\"@id\":\"https:\\\/\\\/www.dentalpremier.ro\\\/en\\\/#organization\"},\"alternateName\":\"Dental Premier\",\"potentialAction\":[{\"@type\":\"SearchAction\",\"target\":{\"@type\":\"EntryPoint\",\"urlTemplate\":\"https:\\\/\\\/www.dentalpremier.ro\\\/en\\\/?s={search_term_string}\"},\"query-input\":{\"@type\":\"PropertyValueSpecification\",\"valueRequired\":true,\"valueName\":\"search_term_string\"}}],\"inLanguage\":\"en-US\"},{\"@type\":\"Organization\",\"@id\":\"https:\\\/\\\/www.dentalpremier.ro\\\/en\\\/#organization\",\"name\":\"Dental Premier\",\"alternateName\":\"Clinique Dentaire Bucarest, Roumanie | 9 cabinets dentaires\",\"url\":\"https:\\\/\\\/www.dentalpremier.ro\\\/en\\\/\",\"logo\":{\"@type\":\"ImageObject\",\"inLanguage\":\"en-US\",\"@id\":\"https:\\\/\\\/www.dentalpremier.ro\\\/en\\\/#\\\/schema\\\/logo\\\/image\\\/\",\"url\":\"https:\\\/\\\/www.dentalpremier.ro\\\/wp-content\\\/uploads\\\/2026\\\/02\\\/logo-dental-premier-patrat.jpg\",\"contentUrl\":\"https:\\\/\\\/www.dentalpremier.ro\\\/wp-content\\\/uploads\\\/2026\\\/02\\\/logo-dental-premier-patrat.jpg\",\"width\":1145,\"height\":1145,\"caption\":\"Dental Premier\"},\"image\":{\"@id\":\"https:\\\/\\\/www.dentalpremier.ro\\\/en\\\/#\\\/schema\\\/logo\\\/image\\\/\"},\"sameAs\":[\"https:\\\/\\\/www.facebook.com\\\/dentalpremier.ro\",\"https:\\\/\\\/x.com\\\/dentalpremierro\",\"https:\\\/\\\/www.instagram.com\\\/dentalpremier.ro\\\/\",\"https:\\\/\\\/www.youtube.com\\\/channel\\\/UCCoqTcOCTHmv8oUVehHEpMQ\",\"https:\\\/\\\/www.tiktok.com\\\/@dentalpremier.ro\",\"https:\\\/\\\/ro.pinterest.com\\\/dentalpremierclinic\\\/\",\"https:\\\/\\\/www.google.com\\\/maps\\\/search\\\/?api=1&query=Google&query_place_id=ChIJWXXkrbsBskARAEThgbXKULY\"],\"address\":{\"@type\":\"PostalAddress\",\"streetAddress\":\"Str. Maria Rosetti Nr. 26A, Sector 2\",\"addressLocality\":\"Bucuresti\",\"addressRegion\":\"Bucuresti\",\"postalCode\":\"020487\",\"addressCountry\":\"RO\"},\"description\":\"Dental Premier este o clinica stomatologica de prestigiu din Bucuresti, recunoscuta ca CENTRU DE EXCELENTA DENTSPLY SIRONA si certificata Straumann Expert Partner, Megagen si Implantize. Specializata in reabilitari orale complexe si estetica dentara, clinica ofera solutii avansate de implantologie (sisteme dinti ficsi in 24 ore, Fast and Fixed, proteze fixe cu 4 si 6 implanturi All-on-4 si All-on-6, ghidare implanturi cu Navident), protetica digitala, ortodontie computerizata si tratamente laser. Utilizand tehnologie de ultima generatie pentru precizie maxima si o echipa de medici experti, Dental Premier redefineste experienta pacientului prin planuri de tratament personalizate, menite sa redea functionalitatea si frumusetea zambetului intr-un mediu modern si sigur.\",\"email\":\"contact@dentalpremier.ro\",\"telephone\":\"+40742.288.440\",\"legalName\":\"Dental Premier\",\"foundingDate\":\"2008-12-11\",\"numberOfEmployees\":{\"@type\":\"QuantitativeValue\",\"minValue\":\"11\",\"maxValue\":\"50\"}}]}<\/script>\n<!-- \/ Yoast SEO Premium plugin. -->","yoast_head_json":{"title":"Dr. Anca Rusu - Specialist Dentist in Dental Surgery & Implantology","robots":{"index":"index","follow":"follow","max-snippet":"max-snippet:-1","max-image-preview":"max-image-preview:large","max-video-preview":"max-video-preview:-1"},"canonical":"https:\/\/www.dentalpremier.ro\/en\/dr-anca-rusu\/","og_locale":"en_US","og_type":"article","og_title":"Dr. Anca Rusu","og_description":"[vc_row full_width=&#8221;stretch_row&#8221; css=&#8221;.vc_custom_1611299923295{padding-top: 20px !important;padding-bottom: 20px !important;background-color: #f8f8f8 !important;background-position: center !important;background-repeat: no-repeat !important;background-size: cover !important;}&#8221;][vc_column][vc_single_image image=&#8221;22606&#8243; img_size=&#8221;full&#8221; alignment=&#8221;center&#8221; css_animation=&#8221;appear&#8221; css=&#8221;.vc_custom_1669191487459{margin-bottom: 0px !important;border-bottom-width: 0px !important;padding-bottom: 0px !important;}&#8221;][vc_column_text] Dr. Anca Rusu Specialist Dentist Dento-Alveolar Surgery &amp; Implantology [\/vc_column_text][\/vc_column][\/vc_row][vc_row][vc_column width=&#8221;1\/2&#8243; offset=&#8221;vc_col-xs-12&#8243;][vc_single_image image=&#8221;2265&#8243; img_size=&#8221;full&#8221; alignment=&#8221;center&#8221; style=&#8221;vc_box_rounded&#8221;][vc_single_image image=&#8221;2257&#8243; img_size=&#8221;full&#8221; alignment=&#8221;center&#8221; style=&#8221;vc_box_rounded&#8221;][\/vc_column][vc_column width=&#8221;1\/2&#8243; offset=&#8221;vc_col-xs-12&#8243;][vc_column_text css_animation=&#8221;none&#8221;] Dr. Anca Rusu &#8211; Training courses [&hellip;]","og_url":"https:\/\/www.dentalpremier.ro\/en\/dr-anca-rusu\/","og_site_name":"Dental Premier - Best Dental Clinic Bucharest | 9 dental offices","article_publisher":"https:\/\/www.facebook.com\/dentalpremier.ro","article_modified_time":"2025-09-16T08:41:39+00:00","og_image":[{"width":3072,"height":1370,"url":"https:\/\/www.dentalpremier.ro\/wp-content\/uploads\/2025\/12\/echipa-dental-premier-dentisti-stomatologi-buni-bucuresti-scaled.jpg","type":"image\/jpeg"}],"twitter_card":"summary_large_image","twitter_site":"@dentalpremierro","schema":{"@context":"https:\/\/schema.org","@graph":[{"@type":"WebPage","@id":"https:\/\/www.dentalpremier.ro\/en\/dr-anca-rusu\/","url":"https:\/\/www.dentalpremier.ro\/en\/dr-anca-rusu\/","name":"Dr. Anca Rusu - Specialist Dentist in Dental Surgery & Implantology","isPartOf":{"@id":"https:\/\/www.dentalpremier.ro\/en\/#website"},"datePublished":"2021-01-04T06:46:38+00:00","dateModified":"2025-09-16T08:41:39+00:00","breadcrumb":{"@id":"https:\/\/www.dentalpremier.ro\/en\/dr-anca-rusu\/#breadcrumb"},"inLanguage":"en-US","potentialAction":[{"@type":"ReadAction","target":["https:\/\/www.dentalpremier.ro\/en\/dr-anca-rusu\/"]}]},{"@type":"BreadcrumbList","@id":"https:\/\/www.dentalpremier.ro\/en\/dr-anca-rusu\/#breadcrumb","itemListElement":[{"@type":"ListItem","position":1,"name":"Acas\u0103","item":"https:\/\/www.dentalpremier.ro\/en\/"},{"@type":"ListItem","position":2,"name":"Dr. Anca Rusu"}]},{"@type":"WebSite","@id":"https:\/\/www.dentalpremier.ro\/en\/#website","url":"https:\/\/www.dentalpremier.ro\/en\/","name":"Dental Premier - Clinica stomatologica Bucuresti | 9 cabinete stomatologice","description":"Dental Premier - Best Dental Clinic Bucharest | 9 dental offices","publisher":{"@id":"https:\/\/www.dentalpremier.ro\/en\/#organization"},"alternateName":"Dental Premier","potentialAction":[{"@type":"SearchAction","target":{"@type":"EntryPoint","urlTemplate":"https:\/\/www.dentalpremier.ro\/en\/?s={search_term_string}"},"query-input":{"@type":"PropertyValueSpecification","valueRequired":true,"valueName":"search_term_string"}}],"inLanguage":"en-US"},{"@type":"Organization","@id":"https:\/\/www.dentalpremier.ro\/en\/#organization","name":"Dental Premier","alternateName":"Clinique Dentaire Bucarest, Roumanie | 9 cabinets dentaires","url":"https:\/\/www.dentalpremier.ro\/en\/","logo":{"@type":"ImageObject","inLanguage":"en-US","@id":"https:\/\/www.dentalpremier.ro\/en\/#\/schema\/logo\/image\/","url":"https:\/\/www.dentalpremier.ro\/wp-content\/uploads\/2026\/02\/logo-dental-premier-patrat.jpg","contentUrl":"https:\/\/www.dentalpremier.ro\/wp-content\/uploads\/2026\/02\/logo-dental-premier-patrat.jpg","width":1145,"height":1145,"caption":"Dental Premier"},"image":{"@id":"https:\/\/www.dentalpremier.ro\/en\/#\/schema\/logo\/image\/"},"sameAs":["https:\/\/www.facebook.com\/dentalpremier.ro","https:\/\/x.com\/dentalpremierro","https:\/\/www.instagram.com\/dentalpremier.ro\/","https:\/\/www.youtube.com\/channel\/UCCoqTcOCTHmv8oUVehHEpMQ","https:\/\/www.tiktok.com\/@dentalpremier.ro","https:\/\/ro.pinterest.com\/dentalpremierclinic\/","https:\/\/www.google.com\/maps\/search\/?api=1&query=Google&query_place_id=ChIJWXXkrbsBskARAEThgbXKULY"],"address":{"@type":"PostalAddress","streetAddress":"Str. Maria Rosetti Nr. 26A, Sector 2","addressLocality":"Bucuresti","addressRegion":"Bucuresti","postalCode":"020487","addressCountry":"RO"},"description":"Dental Premier este o clinica stomatologica de prestigiu din Bucuresti, recunoscuta ca CENTRU DE EXCELENTA DENTSPLY SIRONA si certificata Straumann Expert Partner, Megagen si Implantize. Specializata in reabilitari orale complexe si estetica dentara, clinica ofera solutii avansate de implantologie (sisteme dinti ficsi in 24 ore, Fast and Fixed, proteze fixe cu 4 si 6 implanturi All-on-4 si All-on-6, ghidare implanturi cu Navident), protetica digitala, ortodontie computerizata si tratamente laser. Utilizand tehnologie de ultima generatie pentru precizie maxima si o echipa de medici experti, Dental Premier redefineste experienta pacientului prin planuri de tratament personalizate, menite sa redea functionalitatea si frumusetea zambetului intr-un mediu modern si sigur.","email":"contact@dentalpremier.ro","telephone":"+40742.288.440","legalName":"Dental Premier","foundingDate":"2008-12-11","numberOfEmployees":{"@type":"QuantitativeValue","minValue":"11","maxValue":"50"}}]}},"_links":{"self":[{"href":"https:\/\/www.dentalpremier.ro\/en\/wp-json\/wp\/v2\/pages\/27859","targetHints":{"allow":["GET"]}}],"collection":[{"href":"https:\/\/www.dentalpremier.ro\/en\/wp-json\/wp\/v2\/pages"}],"about":[{"href":"https:\/\/www.dentalpremier.ro\/en\/wp-json\/wp\/v2\/types\/page"}],"author":[{"embeddable":true,"href":"https:\/\/www.dentalpremier.ro\/en\/wp-json\/wp\/v2\/users\/1"}],"replies":[{"embeddable":true,"href":"https:\/\/www.dentalpremier.ro\/en\/wp-json\/wp\/v2\/comments?post=27859"}],"version-history":[{"count":0,"href":"https:\/\/www.dentalpremier.ro\/en\/wp-json\/wp\/v2\/pages\/27859\/revisions"}],"wp:attachment":[{"href":"https:\/\/www.dentalpremier.ro\/en\/wp-json\/wp\/v2\/media?parent=27859"}],"curies":[{"name":"wp","href":"https:\/\/api.w.org\/{rel}","templated":true}]}}