{"id":27872,"date":"2021-01-04T16:11:22","date_gmt":"2021-01-04T14:11:22","guid":{"rendered":"https:\/\/www.dentalpremier.ro\/cv-alex-pintilie\/"},"modified":"2025-09-16T11:41:39","modified_gmt":"2025-09-16T08:41:39","slug":"dr-alex-pintilie","status":"publish","type":"page","link":"https:\/\/www.dentalpremier.ro\/en\/dr-alex-pintilie\/","title":{"rendered":"Dr. Alex Pintilie"},"content":{"rendered":"<div class=\"wpb-content-wrapper\"><p>[vc_row][vc_column][vc_single_image image=&#8221;22589&#8243; img_size=&#8221;full&#8221; alignment=&#8221;center&#8221; onclick=&#8221;custom_link&#8221; css_animation=&#8221;appear&#8221; link=&#8221;javascript:void(Tawk_API.toggle());&#8221;][vc_column_text css_animation=&#8221;fadeIn&#8221;]<\/p>\n<h1 style=\"color: #02bbfe;text-align: center\">Dr. Alex Pintilie<\/h1>\n<h5 style=\"text-align: center\">Specialist Dentist<br \/>\nDento-Alveolar Surgery &amp; Implantology<\/h5>\n<p>[\/vc_column_text][\/vc_column][\/vc_row][vc_row full_width=&#8221;stretch_row&#8221;][vc_column width=&#8221;1\/2&#8243; offset=&#8221;vc_col-xs-12&#8243;][vc_single_image image=&#8221;28253&#8243; img_size=&#8221;full&#8221; alignment=&#8221;center&#8221; style=&#8221;vc_box_rounded&#8221; css_animation=&#8221;left-to-right&#8221;][\/vc_column][vc_column width=&#8221;1\/2&#8243; offset=&#8221;vc_col-xs-12&#8243;][vc_column_text]<\/p>\n<h3>Dr. Alexandru Pintilie Claudiu &#8211; Training courses \/ Activity<\/h3>\n<p>[\/vc_column_text][vc_column_text css_animation=&#8221;fadeIn&#8221;]<\/p>\n<h4>Specialization<\/h4>\n<p>Dentist, Dento-Alveolar Surgery Specialist &amp; Implantology<\/p>\n<h4>Studies<\/h4>\n<ul>\n<li>Carol Davila University of Medicine and Pharmacy Bucharest<\/li>\n<li>Dento-Alveolar Surgery Residency<\/li>\n<li>Master in Dental Implantology<\/li>\n<li>Master of Oral Prosthetic Restorations with Implant Aggregation<\/li>\n<\/ul>\n<h4>Experience<\/h4>\n<p>Over 10 years of professional experience in complex, functional, durable and aesthetic dental restorations.[\/vc_column_text][vc_row_inner][vc_column_inner width=&#8221;1\/2&#8243;][vc_column_text]<\/p>\n<ul>\n<li><a href=\"https:\/\/www.dentalpremier.ro\/en\/dental-implants\/\">Dental implantology<\/a><\/li>\n<li>Dento-alveolar surgery<\/li>\n<li>SKY Fast and Fixed Bredent, <a href=\"https:\/\/www.dentalpremier.ro\/en\/all-on-4-6-dental-implants\/\">All-on-4, All-on- 6<\/a>, Subperiosteal implant<\/li>\n<\/ul>\n<p>[\/vc_column_text][\/vc_column_inner][vc_column_inner width=&#8221;1\/2&#8243;][vc_column_text]<\/p>\n<ul>\n<li>Reconstructions and bone additions<\/li>\n<li>Internal and external sinus lift<\/li>\n<li>Muco-gingival surgery<\/li>\n<\/ul>\n<p>[\/vc_column_text][\/vc_column_inner][\/vc_row_inner][vc_column_text css_animation=&#8221;fadeIn&#8221;]&#8221;Within the Dental Premier team, I am involved in complex oral rehabilitation procedures. Years of experience in surgery and dental implantology have brought me unique cases to solve, which sometimes represented real challenges. But, thanks to the accumulated experience, I managed with each particular case to put a smile on people&#8217;s faces.&#8221;[\/vc_column_text][\/vc_column][\/vc_row][vc_row full_width=&#8221;stretch_row&#8221;][vc_column width=&#8221;1\/2&#8243; offset=&#8221;vc_col-xs-12&#8243;][vc_column_text css_animation=&#8221;fadeIn&#8221;]<\/p>\n<h4>Training and professional development<\/h4>\n<ul>\n<li>Advanced Course of Complications in Implantology Institute of Advanced Implantology<\/li>\n<li>Osteology Foundation Barcelona 2019 &#8211; Hands on Isabella Roccheta Bone Augmentation<\/li>\n<li>Soft tissue microsurgery, Steigmann Institute &#8211; Heidelberg, Germany.<\/li>\n<li>Dent 4 All Congress UMF Carol Davila<\/li>\n<li>Sutures and Flaps in Current Rx Dental Practice<\/li>\n<li>Fundamental sciences in Oral Implantology<\/li>\n<li>Bone Augmentation in Oral Implantology<\/li>\n<li>Lip and wrinkle augmentation course<\/li>\n<li>Bone Regeneration in Oral Implantology<\/li>\n<li>Sinus Lift Surgical Protocols Live Surgery<\/li>\n<li>Oral Surgery and Minimally Invasive Implantology Modules I and II<\/li>\n<li>The Alpha Bio system. Hands on models.<\/li>\n<li>Resista Implantology Course<\/li>\n<li>SSER Implantology and Hands on Surgical Guides<\/li>\n<li>Esthetic Restorations on Implants<\/li>\n<li>SSER 2015,2016,2017,2019<\/li>\n<li>Focus: Terra Dent Dental Photography<\/li>\n<\/ul>\n<p>[\/vc_column_text][\/vc_column][vc_column width=&#8221;1\/2&#8243; offset=&#8221;vc_col-xs-12&#8243;][vc_single_image image=&#8221;22600&#8243; img_size=&#8221;full&#8221; alignment=&#8221;center&#8221; style=&#8221;vc_box_rounded&#8221; css_animation=&#8221;right-to-left&#8221;][vc_single_image image=&#8221;22604&#8243; img_size=&#8221;full&#8221; alignment=&#8221;center&#8221; style=&#8221;vc_box_rounded&#8221; css_animation=&#8221;right-to-left&#8221;][\/vc_column][\/vc_row][vc_row][vc_column width=&#8221;1\/2&#8243;][vc_column_text]<\/p>\n<h2>CSID &#8211; CE SE \u00ceNT\u00c2MPL\u0102, DOCTORE? &#8211; Dr. Anca Rusu &amp; Dr. Alexandru Pintilie &#8211; Gingiile inflamate, primele semne ale bolii parodontale<\/h2>\n<div style=\"position: relative;padding-bottom: 56.25%;height: 0;overflow: hidden;max-width: 100%\"><\/div>\n<p>[\/vc_column_text][\/vc_column][vc_column width=&#8221;1\/2&#8243;][vc_video link=&#8221;https:\/\/www.youtube.com\/watch?v=X8fVA4mCNNY&#8221; title=&#8221;Profesionistii Zambetului &#8211; Dr. Anca Rusu &amp; Dr. Alex Pintilie &#8211; Solutii rapide de implantologie orala&#8221;][\/vc_column][\/vc_row][vc_row][vc_column width=&#8221;1\/2&#8243;][vc_video link=&#8221;https:\/\/youtu.be\/enGlkEOxfds&#8221; title=&#8221;Profesionistii Zambetului &#8211; Dr. Anca Rusu &amp; Dr. Alex Pintilie &#8211; Sanatatea si estetica gingivala&#8221;][\/vc_column][vc_column width=&#8221;1\/2&#8243;][vc_video link=&#8221;https:\/\/www.youtube.com\/watch?v=E8KTRU4ltfI&#8221; title=&#8221;Profesionistii Zambetului \u2013 Despre reconstructia osoasa in stomatologie &#8211; Dr. Anca Rusu &amp; Dr. Alex Pintilie&#8221;][\/vc_column][\/vc_row][vc_row][vc_column][vc_btn title=&#8221;See the whole team&#8221; style=&#8221;classic&#8221; size=&#8221;xs&#8221; align=&#8221;center&#8221; link=&#8221;url:https%3A%2F%2Fwww.dentalpremier.ro%2Fen%2Fabout-us%2F%23team|title:Echipa|target:_blank&#8221;][\/vc_column][\/vc_row][vc_row][vc_column][vc_raw_html]JTNDJTIxLS1ub3lhcnBwLS0lM0U=[\/vc_raw_html][\/vc_column][\/vc_row]<\/p>\n<\/div>","protected":false},"excerpt":{"rendered":"<p>[vc_row][vc_column][vc_single_image image=&#8221;22589&#8243; img_size=&#8221;full&#8221; alignment=&#8221;center&#8221; onclick=&#8221;custom_link&#8221; css_animation=&#8221;appear&#8221; link=&#8221;javascript:void(Tawk_API.toggle());&#8221;][vc_column_text css_animation=&#8221;fadeIn&#8221;] Dr. Alex Pintilie Specialist Dentist Dento-Alveolar Surgery &amp; Implantology [\/vc_column_text][\/vc_column][\/vc_row][vc_row full_width=&#8221;stretch_row&#8221;][vc_column width=&#8221;1\/2&#8243; offset=&#8221;vc_col-xs-12&#8243;][vc_single_image image=&#8221;28253&#8243; img_size=&#8221;full&#8221; alignment=&#8221;center&#8221; style=&#8221;vc_box_rounded&#8221; css_animation=&#8221;left-to-right&#8221;][\/vc_column][vc_column width=&#8221;1\/2&#8243; offset=&#8221;vc_col-xs-12&#8243;][vc_column_text] Dr. Alexandru Pintilie Claudiu &#8211; Training courses \/ Activity [\/vc_column_text][vc_column_text css_animation=&#8221;fadeIn&#8221;] Specialization Dentist, Dento-Alveolar Surgery Specialist &amp; Implantology Studies Carol Davila University of Medicine and Pharmacy Bucharest [&hellip;]<\/p>\n","protected":false},"author":1,"featured_media":0,"parent":0,"menu_order":0,"comment_status":"closed","ping_status":"closed","template":"","meta":{"_lmt_disableupdate":"","_lmt_disable":"","footnotes":""},"class_list":["post-27872","page","type-page","status-publish","hentry"],"yoast_head":"<!-- This site is optimized with the Yoast SEO Premium plugin v27.5 (Yoast SEO v27.5) - https:\/\/yoast.com\/product\/yoast-seo-premium-wordpress\/ -->\n<title>Dr. Alex Pintilie - Dentist Specialist Dento-Alveolar Surgery<\/title>\n<meta name=\"description\" content=\"CV of Dr. Alex Pintilie - Dentist Specialist in Dento-Alveolar Surgery, everything you need to know about Dr. Alexandru Pintilie Claudiu.\" \/>\n<meta name=\"robots\" content=\"index, follow, max-snippet:-1, max-image-preview:large, max-video-preview:-1\" \/>\n<link rel=\"canonical\" href=\"https:\/\/www.dentalpremier.ro\/en\/dr-alex-pintilie\/\" \/>\n<meta property=\"og:locale\" content=\"en_US\" \/>\n<meta property=\"og:type\" content=\"article\" \/>\n<meta property=\"og:title\" content=\"Dr. Alex Pintilie\" \/>\n<meta property=\"og:description\" content=\"CV of Dr. Alex Pintilie - Dentist Specialist in Dento-Alveolar Surgery, everything you need to know about Dr. Alexandru Pintilie Claudiu.\" \/>\n<meta property=\"og:url\" content=\"https:\/\/www.dentalpremier.ro\/en\/dr-alex-pintilie\/\" \/>\n<meta property=\"og:site_name\" content=\"Dental Premier - Best Dental Clinic Bucharest | 9 dental offices\" \/>\n<meta property=\"article:publisher\" content=\"https:\/\/www.facebook.com\/dentalpremier.ro\" \/>\n<meta property=\"article:modified_time\" content=\"2025-09-16T08:41:39+00:00\" \/>\n<meta property=\"og:image\" content=\"https:\/\/www.dentalpremier.ro\/wp-content\/uploads\/2025\/12\/echipa-dental-premier-dentisti-stomatologi-buni-bucuresti-scaled.jpg\" \/>\n\t<meta property=\"og:image:width\" content=\"3072\" \/>\n\t<meta property=\"og:image:height\" content=\"1370\" \/>\n\t<meta property=\"og:image:type\" content=\"image\/jpeg\" \/>\n<meta name=\"twitter:card\" content=\"summary_large_image\" \/>\n<meta name=\"twitter:site\" content=\"@dentalpremierro\" \/>\n<script type=\"application\/ld+json\" class=\"yoast-schema-graph\">{\"@context\":\"https:\\\/\\\/schema.org\",\"@graph\":[{\"@type\":\"WebPage\",\"@id\":\"https:\\\/\\\/www.dentalpremier.ro\\\/en\\\/dr-alex-pintilie\\\/\",\"url\":\"https:\\\/\\\/www.dentalpremier.ro\\\/en\\\/dr-alex-pintilie\\\/\",\"name\":\"Dr. Alex Pintilie - Dentist Specialist Dento-Alveolar Surgery\",\"isPartOf\":{\"@id\":\"https:\\\/\\\/www.dentalpremier.ro\\\/en\\\/#website\"},\"datePublished\":\"2021-01-04T14:11:22+00:00\",\"dateModified\":\"2025-09-16T08:41:39+00:00\",\"description\":\"CV of Dr. Alex Pintilie - Dentist Specialist in Dento-Alveolar Surgery, everything you need to know about Dr. Alexandru Pintilie Claudiu.\",\"breadcrumb\":{\"@id\":\"https:\\\/\\\/www.dentalpremier.ro\\\/en\\\/dr-alex-pintilie\\\/#breadcrumb\"},\"inLanguage\":\"en-US\",\"potentialAction\":[{\"@type\":\"ReadAction\",\"target\":[\"https:\\\/\\\/www.dentalpremier.ro\\\/en\\\/dr-alex-pintilie\\\/\"]}]},{\"@type\":\"BreadcrumbList\",\"@id\":\"https:\\\/\\\/www.dentalpremier.ro\\\/en\\\/dr-alex-pintilie\\\/#breadcrumb\",\"itemListElement\":[{\"@type\":\"ListItem\",\"position\":1,\"name\":\"Acas\u0103\",\"item\":\"https:\\\/\\\/www.dentalpremier.ro\\\/en\\\/\"},{\"@type\":\"ListItem\",\"position\":2,\"name\":\"Dr. Alex Pintilie\"}]},{\"@type\":\"WebSite\",\"@id\":\"https:\\\/\\\/www.dentalpremier.ro\\\/en\\\/#website\",\"url\":\"https:\\\/\\\/www.dentalpremier.ro\\\/en\\\/\",\"name\":\"Dental Premier - Clinica stomatologica Bucuresti | 9 cabinete stomatologice\",\"description\":\"Dental Premier - Best Dental Clinic Bucharest | 9 dental offices\",\"publisher\":{\"@id\":\"https:\\\/\\\/www.dentalpremier.ro\\\/en\\\/#organization\"},\"alternateName\":\"Dental Premier\",\"potentialAction\":[{\"@type\":\"SearchAction\",\"target\":{\"@type\":\"EntryPoint\",\"urlTemplate\":\"https:\\\/\\\/www.dentalpremier.ro\\\/en\\\/?s={search_term_string}\"},\"query-input\":{\"@type\":\"PropertyValueSpecification\",\"valueRequired\":true,\"valueName\":\"search_term_string\"}}],\"inLanguage\":\"en-US\"},{\"@type\":\"Organization\",\"@id\":\"https:\\\/\\\/www.dentalpremier.ro\\\/en\\\/#organization\",\"name\":\"Dental Premier\",\"alternateName\":\"Clinique Dentaire Bucarest, Roumanie | 9 cabinets dentaires\",\"url\":\"https:\\\/\\\/www.dentalpremier.ro\\\/en\\\/\",\"logo\":{\"@type\":\"ImageObject\",\"inLanguage\":\"en-US\",\"@id\":\"https:\\\/\\\/www.dentalpremier.ro\\\/en\\\/#\\\/schema\\\/logo\\\/image\\\/\",\"url\":\"https:\\\/\\\/www.dentalpremier.ro\\\/wp-content\\\/uploads\\\/2026\\\/02\\\/logo-dental-premier-patrat.jpg\",\"contentUrl\":\"https:\\\/\\\/www.dentalpremier.ro\\\/wp-content\\\/uploads\\\/2026\\\/02\\\/logo-dental-premier-patrat.jpg\",\"width\":1145,\"height\":1145,\"caption\":\"Dental Premier\"},\"image\":{\"@id\":\"https:\\\/\\\/www.dentalpremier.ro\\\/en\\\/#\\\/schema\\\/logo\\\/image\\\/\"},\"sameAs\":[\"https:\\\/\\\/www.facebook.com\\\/dentalpremier.ro\",\"https:\\\/\\\/x.com\\\/dentalpremierro\",\"https:\\\/\\\/www.instagram.com\\\/dentalpremier.ro\\\/\",\"https:\\\/\\\/www.youtube.com\\\/channel\\\/UCCoqTcOCTHmv8oUVehHEpMQ\",\"https:\\\/\\\/www.tiktok.com\\\/@dentalpremier.ro\",\"https:\\\/\\\/ro.pinterest.com\\\/dentalpremierclinic\\\/\",\"https:\\\/\\\/www.google.com\\\/maps\\\/search\\\/?api=1&query=Google&query_place_id=ChIJWXXkrbsBskARAEThgbXKULY\"],\"address\":{\"@type\":\"PostalAddress\",\"streetAddress\":\"Str. Maria Rosetti Nr. 26A, Sector 2\",\"addressLocality\":\"Bucuresti\",\"addressRegion\":\"Bucuresti\",\"postalCode\":\"020487\",\"addressCountry\":\"RO\"},\"description\":\"Dental Premier este o clinica stomatologica de prestigiu din Bucuresti, recunoscuta ca CENTRU DE EXCELENTA DENTSPLY SIRONA si certificata Straumann Expert Partner, Megagen si Implantize. Specializata in reabilitari orale complexe si estetica dentara, clinica ofera solutii avansate de implantologie (sisteme dinti ficsi in 24 ore, Fast and Fixed, proteze fixe cu 4 si 6 implanturi All-on-4 si All-on-6, ghidare implanturi cu Navident), protetica digitala, ortodontie computerizata si tratamente laser. Utilizand tehnologie de ultima generatie pentru precizie maxima si o echipa de medici experti, Dental Premier redefineste experienta pacientului prin planuri de tratament personalizate, menite sa redea functionalitatea si frumusetea zambetului intr-un mediu modern si sigur.\",\"email\":\"contact@dentalpremier.ro\",\"telephone\":\"+40742.288.440\",\"legalName\":\"Dental Premier\",\"foundingDate\":\"2008-12-11\",\"numberOfEmployees\":{\"@type\":\"QuantitativeValue\",\"minValue\":\"11\",\"maxValue\":\"50\"}}]}<\/script>\n<!-- \/ Yoast SEO Premium plugin. -->","yoast_head_json":{"title":"Dr. Alex Pintilie - Dentist Specialist Dento-Alveolar Surgery","description":"CV of Dr. Alex Pintilie - Dentist Specialist in Dento-Alveolar Surgery, everything you need to know about Dr. Alexandru Pintilie Claudiu.","robots":{"index":"index","follow":"follow","max-snippet":"max-snippet:-1","max-image-preview":"max-image-preview:large","max-video-preview":"max-video-preview:-1"},"canonical":"https:\/\/www.dentalpremier.ro\/en\/dr-alex-pintilie\/","og_locale":"en_US","og_type":"article","og_title":"Dr. Alex Pintilie","og_description":"CV of Dr. Alex Pintilie - Dentist Specialist in Dento-Alveolar Surgery, everything you need to know about Dr. Alexandru Pintilie Claudiu.","og_url":"https:\/\/www.dentalpremier.ro\/en\/dr-alex-pintilie\/","og_site_name":"Dental Premier - Best Dental Clinic Bucharest | 9 dental offices","article_publisher":"https:\/\/www.facebook.com\/dentalpremier.ro","article_modified_time":"2025-09-16T08:41:39+00:00","og_image":[{"width":3072,"height":1370,"url":"https:\/\/www.dentalpremier.ro\/wp-content\/uploads\/2025\/12\/echipa-dental-premier-dentisti-stomatologi-buni-bucuresti-scaled.jpg","type":"image\/jpeg"}],"twitter_card":"summary_large_image","twitter_site":"@dentalpremierro","schema":{"@context":"https:\/\/schema.org","@graph":[{"@type":"WebPage","@id":"https:\/\/www.dentalpremier.ro\/en\/dr-alex-pintilie\/","url":"https:\/\/www.dentalpremier.ro\/en\/dr-alex-pintilie\/","name":"Dr. Alex Pintilie - Dentist Specialist Dento-Alveolar Surgery","isPartOf":{"@id":"https:\/\/www.dentalpremier.ro\/en\/#website"},"datePublished":"2021-01-04T14:11:22+00:00","dateModified":"2025-09-16T08:41:39+00:00","description":"CV of Dr. Alex Pintilie - Dentist Specialist in Dento-Alveolar Surgery, everything you need to know about Dr. Alexandru Pintilie Claudiu.","breadcrumb":{"@id":"https:\/\/www.dentalpremier.ro\/en\/dr-alex-pintilie\/#breadcrumb"},"inLanguage":"en-US","potentialAction":[{"@type":"ReadAction","target":["https:\/\/www.dentalpremier.ro\/en\/dr-alex-pintilie\/"]}]},{"@type":"BreadcrumbList","@id":"https:\/\/www.dentalpremier.ro\/en\/dr-alex-pintilie\/#breadcrumb","itemListElement":[{"@type":"ListItem","position":1,"name":"Acas\u0103","item":"https:\/\/www.dentalpremier.ro\/en\/"},{"@type":"ListItem","position":2,"name":"Dr. Alex Pintilie"}]},{"@type":"WebSite","@id":"https:\/\/www.dentalpremier.ro\/en\/#website","url":"https:\/\/www.dentalpremier.ro\/en\/","name":"Dental Premier - Clinica stomatologica Bucuresti | 9 cabinete stomatologice","description":"Dental Premier - Best Dental Clinic Bucharest | 9 dental offices","publisher":{"@id":"https:\/\/www.dentalpremier.ro\/en\/#organization"},"alternateName":"Dental Premier","potentialAction":[{"@type":"SearchAction","target":{"@type":"EntryPoint","urlTemplate":"https:\/\/www.dentalpremier.ro\/en\/?s={search_term_string}"},"query-input":{"@type":"PropertyValueSpecification","valueRequired":true,"valueName":"search_term_string"}}],"inLanguage":"en-US"},{"@type":"Organization","@id":"https:\/\/www.dentalpremier.ro\/en\/#organization","name":"Dental Premier","alternateName":"Clinique Dentaire Bucarest, Roumanie | 9 cabinets dentaires","url":"https:\/\/www.dentalpremier.ro\/en\/","logo":{"@type":"ImageObject","inLanguage":"en-US","@id":"https:\/\/www.dentalpremier.ro\/en\/#\/schema\/logo\/image\/","url":"https:\/\/www.dentalpremier.ro\/wp-content\/uploads\/2026\/02\/logo-dental-premier-patrat.jpg","contentUrl":"https:\/\/www.dentalpremier.ro\/wp-content\/uploads\/2026\/02\/logo-dental-premier-patrat.jpg","width":1145,"height":1145,"caption":"Dental Premier"},"image":{"@id":"https:\/\/www.dentalpremier.ro\/en\/#\/schema\/logo\/image\/"},"sameAs":["https:\/\/www.facebook.com\/dentalpremier.ro","https:\/\/x.com\/dentalpremierro","https:\/\/www.instagram.com\/dentalpremier.ro\/","https:\/\/www.youtube.com\/channel\/UCCoqTcOCTHmv8oUVehHEpMQ","https:\/\/www.tiktok.com\/@dentalpremier.ro","https:\/\/ro.pinterest.com\/dentalpremierclinic\/","https:\/\/www.google.com\/maps\/search\/?api=1&query=Google&query_place_id=ChIJWXXkrbsBskARAEThgbXKULY"],"address":{"@type":"PostalAddress","streetAddress":"Str. Maria Rosetti Nr. 26A, Sector 2","addressLocality":"Bucuresti","addressRegion":"Bucuresti","postalCode":"020487","addressCountry":"RO"},"description":"Dental Premier este o clinica stomatologica de prestigiu din Bucuresti, recunoscuta ca CENTRU DE EXCELENTA DENTSPLY SIRONA si certificata Straumann Expert Partner, Megagen si Implantize. Specializata in reabilitari orale complexe si estetica dentara, clinica ofera solutii avansate de implantologie (sisteme dinti ficsi in 24 ore, Fast and Fixed, proteze fixe cu 4 si 6 implanturi All-on-4 si All-on-6, ghidare implanturi cu Navident), protetica digitala, ortodontie computerizata si tratamente laser. Utilizand tehnologie de ultima generatie pentru precizie maxima si o echipa de medici experti, Dental Premier redefineste experienta pacientului prin planuri de tratament personalizate, menite sa redea functionalitatea si frumusetea zambetului intr-un mediu modern si sigur.","email":"contact@dentalpremier.ro","telephone":"+40742.288.440","legalName":"Dental Premier","foundingDate":"2008-12-11","numberOfEmployees":{"@type":"QuantitativeValue","minValue":"11","maxValue":"50"}}]}},"_links":{"self":[{"href":"https:\/\/www.dentalpremier.ro\/en\/wp-json\/wp\/v2\/pages\/27872","targetHints":{"allow":["GET"]}}],"collection":[{"href":"https:\/\/www.dentalpremier.ro\/en\/wp-json\/wp\/v2\/pages"}],"about":[{"href":"https:\/\/www.dentalpremier.ro\/en\/wp-json\/wp\/v2\/types\/page"}],"author":[{"embeddable":true,"href":"https:\/\/www.dentalpremier.ro\/en\/wp-json\/wp\/v2\/users\/1"}],"replies":[{"embeddable":true,"href":"https:\/\/www.dentalpremier.ro\/en\/wp-json\/wp\/v2\/comments?post=27872"}],"version-history":[{"count":0,"href":"https:\/\/www.dentalpremier.ro\/en\/wp-json\/wp\/v2\/pages\/27872\/revisions"}],"wp:attachment":[{"href":"https:\/\/www.dentalpremier.ro\/en\/wp-json\/wp\/v2\/media?parent=27872"}],"curies":[{"name":"wp","href":"https:\/\/api.w.org\/{rel}","templated":true}]}}